{"id":1345,"date":"2016-10-31T11:43:12","date_gmt":"2016-10-31T11:43:12","guid":{"rendered":"https:\/\/copiadorespenedes.com\/ca\/material-de-oficina\/"},"modified":"2026-04-07T14:24:57","modified_gmt":"2026-04-07T14:24:57","slug":"materialdoficina","status":"publish","type":"page","link":"https:\/\/copiadorespenedes.com\/ca\/materialdoficina\/","title":{"rendered":"Material d\u2019oficina"},"content":{"rendered":"<p>[et_pb_section fb_built=&#8221;1&#8243; fullwidth=&#8221;on&#8221; custom_padding_last_edited=&#8221;on|desktop&#8221; admin_label=&#8221;section&#8221; _builder_version=&#8221;4.16&#8243; custom_padding_tablet=&#8221;50px|0|50px|0&#8243; custom_padding_phone=&#8221;&#8221; transparent_background=&#8221;off&#8221; padding_mobile=&#8221;off&#8221; make_fullwidth=&#8221;off&#8221; use_custom_width=&#8221;off&#8221; width_unit=&#8221;on&#8221; custom_width_px=&#8221;1080px&#8221; custom_width_percent=&#8221;80%&#8221; global_colors_info=&#8221;{}&#8221;][et_pb_fullwidth_slider show_arrows=&#8221;off&#8221; show_pagination=&#8221;off&#8221; disabled_on=&#8221;off|off|&#8221; admin_label=&#8221;Fullwidth Slider&#8221; _builder_version=&#8221;4.16&#8243; parallax=&#8221;on&#8221; custom_padding=&#8221;||150px|&#8221; custom_padding_tablet=&#8221;|||&#8221; custom_padding_phone=&#8221;|||&#8221; custom_css_slide_title=&#8221;text-align: left;&#8221; box_shadow_style=&#8221;preset6&#8243; box_shadow_blur=&#8221;10px&#8221; box_shadow_color=&#8221;rgba(0,0,0,0.1)&#8221; bottom_padding=&#8221;150px&#8221; remove_inner_shadow=&#8221;off&#8221; hide_content_on_mobile=&#8221;off&#8221; hide_cta_on_mobile=&#8221;off&#8221; show_inner_shadow=&#8221;on&#8221; button_letter_spacing_hover=&#8221;0&#8243; global_colors_info=&#8221;{}&#8221; button_text_size__hover_enabled=&#8221;off&#8221; button_one_text_size__hover_enabled=&#8221;off&#8221; button_two_text_size__hover_enabled=&#8221;off&#8221; button_text_color__hover_enabled=&#8221;off&#8221; button_one_text_color__hover_enabled=&#8221;off&#8221; button_two_text_color__hover_enabled=&#8221;off&#8221; button_border_width__hover_enabled=&#8221;off&#8221; button_one_border_width__hover_enabled=&#8221;off&#8221; button_two_border_width__hover_enabled=&#8221;off&#8221; button_border_color__hover_enabled=&#8221;off&#8221; button_one_border_color__hover_enabled=&#8221;off&#8221; button_two_border_color__hover_enabled=&#8221;off&#8221; button_border_radius__hover_enabled=&#8221;off&#8221; button_one_border_radius__hover_enabled=&#8221;off&#8221; button_two_border_radius__hover_enabled=&#8221;off&#8221; button_letter_spacing__hover_enabled=&#8221;on&#8221; button_letter_spacing__hover=&#8221;0&#8243; button_one_letter_spacing__hover_enabled=&#8221;off&#8221; button_two_letter_spacing__hover_enabled=&#8221;off&#8221; button_bg_color__hover_enabled=&#8221;off&#8221; button_one_bg_color__hover_enabled=&#8221;off&#8221; button_two_bg_color__hover_enabled=&#8221;off&#8221;][et_pb_slide heading=&#8221;Material d&#8217;oficina&#8221; button_text=&#8221;Anar a la BOTIGA ONLINE&#8221; button_link=&#8221;https:\/\/tienda.copiadorespenedes.com\/&#8221; use_bg_overlay=&#8221;on&#8221; bg_overlay_color=&#8221;rgba(49,76,196,0.34)&#8221; use_text_overlay=&#8221;off&#8221; _builder_version=&#8221;4.16&#8243; header_font=&#8221;||||&#8221; body_font=&#8221;||||&#8221; background_color=&#8221;#ffffff&#8221; background_image=&#8221;https:\/\/copiadorespenedes.com\/wp-content\/uploads\/2016\/10\/oficina_b.jpg&#8221; background_video_width=&#8221;1920&#8243; background_video_height=&#8221;638&#8243; custom_button=&#8221;on&#8221; button_text_size=&#8221;18px&#8221; button_text_color=&#8221;#124093&#8243; button_bg_color=&#8221;rgba(255,255,255,0.81)&#8221; button_font=&#8221;||||&#8221; button_use_icon=&#8221;off&#8221; header_font_size_tablet=&#8221;35&#8243; header_font_size_phone=&#8221;35&#8243; header_font_size_last_edited=&#8221;on|desktop&#8221; body_line_height_tablet=&#8221;&#8221; body_line_height_phone=&#8221;&#8221; body_line_height_last_edited=&#8221;on|phone&#8221; video_bg_width=&#8221;1920&#8243; video_bg_height=&#8221;638&#8243; global_colors_info=&#8221;{}&#8221; button_text_size__hover_enabled=&#8221;off&#8221; button_one_text_size__hover_enabled=&#8221;off&#8221; button_two_text_size__hover_enabled=&#8221;off&#8221; button_text_color__hover_enabled=&#8221;off&#8221; button_one_text_color__hover_enabled=&#8221;off&#8221; button_two_text_color__hover_enabled=&#8221;off&#8221; button_border_width__hover_enabled=&#8221;off&#8221; button_one_border_width__hover_enabled=&#8221;off&#8221; button_two_border_width__hover_enabled=&#8221;off&#8221; button_border_color__hover_enabled=&#8221;off&#8221; button_one_border_color__hover_enabled=&#8221;off&#8221; button_two_border_color__hover_enabled=&#8221;off&#8221; button_border_radius__hover_enabled=&#8221;off&#8221; button_one_border_radius__hover_enabled=&#8221;off&#8221; button_two_border_radius__hover_enabled=&#8221;off&#8221; button_letter_spacing__hover_enabled=&#8221;off&#8221; button_one_letter_spacing__hover_enabled=&#8221;off&#8221; button_two_letter_spacing__hover_enabled=&#8221;off&#8221; button_bg_color__hover_enabled=&#8221;off&#8221; button_one_bg_color__hover_enabled=&#8221;off&#8221; button_two_bg_color__hover_enabled=&#8221;off&#8221; sticky_transition=&#8221;on&#8221;]<\/p>\n<p style=\"text-align: left;\">Subministrament Integral per a la seva oficina.<br \/>\n\u00c0mplia gamma de productes de material d&#8217;oficina,<br \/>\npapereria i consumibles.<\/p>\n<p>[\/et_pb_slide][\/et_pb_fullwidth_slider][\/et_pb_section][et_pb_section fb_built=&#8221;1&#8243; custom_padding_last_edited=&#8221;on|desktop&#8221; admin_label=&#8221;section&#8221; _builder_version=&#8221;4.16&#8243; custom_padding_tablet=&#8221;50px|0|50px|0&#8243; custom_padding_phone=&#8221;&#8221; transparent_background=&#8221;off&#8221; padding_mobile=&#8221;off&#8221; make_fullwidth=&#8221;off&#8221; use_custom_width=&#8221;off&#8221; width_unit=&#8221;off&#8221; custom_width_px=&#8221;1080px&#8221; custom_width_percent=&#8221;80%&#8221; global_colors_info=&#8221;{}&#8221;][et_pb_row column_structure=&#8221;1_2,1_2&#8243; padding_mobile=&#8221;off&#8221; column_padding_mobile=&#8221;on&#8221; admin_label=&#8221;row&#8221; _builder_version=&#8221;4.16&#8243; background_size=&#8221;initial&#8221; background_position=&#8221;top_left&#8221; background_repeat=&#8221;repeat&#8221; make_fullwidth=&#8221;off&#8221; use_custom_width=&#8221;off&#8221; width_unit=&#8221;off&#8221; custom_width_px=&#8221;1080px&#8221; custom_width_percent=&#8221;80%&#8221; global_colors_info=&#8221;{}&#8221;][et_pb_column type=&#8221;1_2&#8243; _builder_version=&#8221;4.16&#8243; custom_padding=&#8221;|||&#8221; global_colors_info=&#8221;{}&#8221; custom_padding__hover=&#8221;|||&#8221;][et_pb_text admin_label=&#8221;Text&#8221; _builder_version=&#8221;4.27.6&#8243; background_size=&#8221;initial&#8221; background_position=&#8221;top_left&#8221; background_repeat=&#8221;repeat&#8221; hover_enabled=&#8221;0&#8243; use_border_color=&#8221;off&#8221; border_style=&#8221;solid&#8221; global_colors_info=&#8221;{}&#8221; sticky_enabled=&#8221;0&#8243;]<\/p>\n<h1>Subministrament Integral per a la seva oficina.<\/h1>\n<p>&nbsp;<\/p>\n<h2>\u00c0mplia gamma de productes de material d&#8217;oficina, papereria i consumibles.<\/h2>\n<p>&nbsp;<\/p>\n<ul>\n<li>\n<h3>Adhesius<\/h3>\n<\/li>\n<li>\n<h3>Classificaci\u00f3 i Arxiu<\/h3>\n<\/li>\n<li>\n<h3>Belles Arts<\/h3>\n<\/li>\n<li>\n<h3>Serveis Generals<\/h3>\n<\/li>\n<li>\n<h3>Complements d&#8217;Oficina<\/h3>\n<\/li>\n<li>\n<h3>Material Escolar.<\/h3>\n<\/li>\n<\/ul>\n<h3>\u00a0<\/h3>\n<h3>\u00a0<\/h3>\n<h3>Lliurament a domicili sense c\u00e0rrec de transport.<\/h3>\n<h3>\u00a0<\/h3>\n<p>[\/et_pb_text][et_pb_image src=&#8221;https:\/\/copiadorespenedes.com\/wp-content\/uploads\/2016\/11\/llamada_accion_copiadoras_material_catalan.png&#8221; url=&#8221;https:\/\/copiadorespenedes.com\/ca\/contacte\/&#8221; align_tablet=&#8221;center&#8221; align_phone=&#8221;&#8221; align_last_edited=&#8221;on|desktop&#8221; admin_label=&#8221;Image&#8221; _builder_version=&#8221;4.16&#8243; animation_style=&#8221;slide&#8221; animation_direction=&#8221;left&#8221; animation_duration=&#8221;500ms&#8221; animation_intensity_slide=&#8221;10%&#8221; use_border_color=&#8221;off&#8221; border_color=&#8221;#ffffff&#8221; border_width=&#8221;1px&#8221; border_style=&#8221;solid&#8221; sticky=&#8221;off&#8221; always_center_on_mobile=&#8221;on&#8221; global_colors_info=&#8221;{}&#8221;][\/et_pb_image][et_pb_text admin_label=&#8221;Text&#8221; _builder_version=&#8221;4.16&#8243; background_size=&#8221;initial&#8221; background_position=&#8221;top_left&#8221; background_repeat=&#8221;repeat&#8221; use_border_color=&#8221;off&#8221; border_style=&#8221;solid&#8221; global_colors_info=&#8221;{}&#8221;]<\/p>\n<h2>Aprofiti els nostres descomptes.<\/h2>\n<p>[\/et_pb_text][\/et_pb_column][et_pb_column type=&#8221;1_2&#8243; _builder_version=&#8221;4.16&#8243; custom_padding=&#8221;|||&#8221; global_colors_info=&#8221;{}&#8221; custom_padding__hover=&#8221;|||&#8221;][et_pb_image src=&#8221;https:\/\/copiadorespenedes.com\/wp-content\/uploads\/2018\/12\/cat\u00e0leg-material-doficina-2019-portada.png&#8221; url=&#8221;https:\/\/tienda.copiadorespenedes.com\/&#8221; align_tablet=&#8221;center&#8221; align_phone=&#8221;&#8221; align_last_edited=&#8221;on|desktop&#8221; admin_label=&#8221;Image&#8221; _builder_version=&#8221;4.16&#8243; animation_style=&#8221;slide&#8221; animation_direction=&#8221;left&#8221; animation_duration=&#8221;500ms&#8221; animation_intensity_slide=&#8221;10%&#8221; use_border_color=&#8221;off&#8221; border_color=&#8221;#ffffff&#8221; border_width=&#8221;1px&#8221; border_style=&#8221;solid&#8221; sticky=&#8221;off&#8221; always_center_on_mobile=&#8221;on&#8221; global_colors_info=&#8221;{}&#8221;][\/et_pb_image][\/et_pb_column][\/et_pb_row][\/et_pb_section][et_pb_section fb_built=&#8221;1&#8243; custom_padding_last_edited=&#8221;on|desktop&#8221; admin_label=&#8221;section&#8221; _builder_version=&#8221;4.16&#8243; custom_padding_tablet=&#8221;50px|0|50px|0&#8243; custom_padding_phone=&#8221;&#8221; transparent_background=&#8221;off&#8221; padding_mobile=&#8221;off&#8221; make_fullwidth=&#8221;off&#8221; use_custom_width=&#8221;off&#8221; width_unit=&#8221;off&#8221; custom_width_px=&#8221;1080px&#8221; custom_width_percent=&#8221;80%&#8221; global_colors_info=&#8221;{}&#8221;][et_pb_row padding_mobile=&#8221;off&#8221; column_padding_mobile=&#8221;on&#8221; admin_label=&#8221;Row&#8221; _builder_version=&#8221;4.16&#8243; background_size=&#8221;initial&#8221; background_position=&#8221;top_left&#8221; background_repeat=&#8221;repeat&#8221; make_fullwidth=&#8221;off&#8221; use_custom_width=&#8221;off&#8221; width_unit=&#8221;off&#8221; custom_width_px=&#8221;1080px&#8221; custom_width_percent=&#8221;80%&#8221; global_colors_info=&#8221;{}&#8221;][et_pb_column type=&#8221;4_4&#8243; _builder_version=&#8221;4.16&#8243; custom_padding=&#8221;|||&#8221; global_colors_info=&#8221;{}&#8221; custom_padding__hover=&#8221;|||&#8221;][et_pb_divider divider_weight=&#8221;1px&#8221; disabled_on=&#8221;on|on|off&#8221; admin_label=&#8221;Divider&#8221; _builder_version=&#8221;4.16&#8243; hide_on_mobile=&#8221;on&#8221; global_colors_info=&#8221;{}&#8221;][\/et_pb_divider][\/et_pb_column][\/et_pb_row][et_pb_row column_structure=&#8221;1_3,1_3,1_3&#8243; padding_mobile=&#8221;off&#8221; column_padding_mobile=&#8221;on&#8221; admin_label=&#8221;row&#8221; _builder_version=&#8221;4.16&#8243; background_size=&#8221;initial&#8221; background_position=&#8221;top_left&#8221; background_repeat=&#8221;repeat&#8221; make_fullwidth=&#8221;off&#8221; use_custom_width=&#8221;off&#8221; width_unit=&#8221;on&#8221; custom_width_px=&#8221;1080px&#8221; custom_width_percent=&#8221;80%&#8221; global_colors_info=&#8221;{}&#8221;][et_pb_column type=&#8221;1_3&#8243; _builder_version=&#8221;4.16&#8243; custom_padding=&#8221;|||&#8221; global_colors_info=&#8221;{}&#8221; custom_padding__hover=&#8221;|||&#8221;][et_pb_blurb title=&#8221;Cobertura a qualsevol negoci&#8221; image=&#8221;https:\/\/copiadorespenedes.com\/wp-content\/uploads\/2016\/10\/marcas_0006_Capa-2.jpg&#8221; icon_placement=&#8221;left&#8221; image_icon_width=&#8221;none&#8221; admin_label=&#8221;Blurb&#8221; _builder_version=&#8221;4.16&#8243; background_size=&#8221;initial&#8221; background_position=&#8221;top_left&#8221; background_repeat=&#8221;repeat&#8221; animation=&#8221;off&#8221; use_border_color=&#8221;off&#8221; border_color=&#8221;#ffffff&#8221; border_width=&#8221;1px&#8221; border_style=&#8221;solid&#8221; image_max_width=&#8221;none&#8221; global_colors_info=&#8221;{}&#8221;][\/et_pb_blurb][\/et_pb_column][et_pb_column type=&#8221;1_3&#8243; _builder_version=&#8221;4.16&#8243; custom_padding=&#8221;|||&#8221; global_colors_info=&#8221;{}&#8221; custom_padding__hover=&#8221;|||&#8221;][et_pb_blurb title=&#8221;\u00daltima tecnologia&#8221; image=&#8221;https:\/\/copiadorespenedes.com\/wp-content\/uploads\/2016\/10\/marcas_0001_Capa-7.jpg&#8221; icon_placement=&#8221;left&#8221; image_icon_width=&#8221;none&#8221; admin_label=&#8221;Blurb&#8221; _builder_version=&#8221;4.16&#8243; background_size=&#8221;initial&#8221; background_position=&#8221;top_left&#8221; background_repeat=&#8221;repeat&#8221; animation=&#8221;off&#8221; use_border_color=&#8221;off&#8221; border_color=&#8221;#ffffff&#8221; border_width=&#8221;1px&#8221; border_style=&#8221;solid&#8221; image_max_width=&#8221;none&#8221; global_colors_info=&#8221;{}&#8221;][\/et_pb_blurb][\/et_pb_column][et_pb_column type=&#8221;1_3&#8243; _builder_version=&#8221;4.16&#8243; custom_padding=&#8221;|||&#8221; global_colors_info=&#8221;{}&#8221; custom_padding__hover=&#8221;|||&#8221;][et_pb_blurb title=&#8221;Comprom\u00eds de qualitat&#8221; image=&#8221;https:\/\/copiadorespenedes.com\/wp-content\/uploads\/2016\/10\/marcas_0002_Capa-6.jpg&#8221; icon_placement=&#8221;left&#8221; image_icon_width=&#8221;none&#8221; admin_label=&#8221;Blurb&#8221; _builder_version=&#8221;4.16&#8243; background_size=&#8221;initial&#8221; background_position=&#8221;top_left&#8221; background_repeat=&#8221;repeat&#8221; animation=&#8221;off&#8221; use_border_color=&#8221;off&#8221; border_color=&#8221;#ffffff&#8221; border_width=&#8221;1px&#8221; border_style=&#8221;solid&#8221; image_max_width=&#8221;none&#8221; global_colors_info=&#8221;{}&#8221;][\/et_pb_blurb][\/et_pb_column][\/et_pb_row][\/et_pb_section][et_pb_section fb_built=&#8221;1&#8243; custom_padding_last_edited=&#8221;on|desktop&#8221; admin_label=&#8221;Secci\u00f3n&#8221; _builder_version=&#8221;4.16&#8243; background_image=&#8221;https:\/\/copiadorespenedes.com\/wp-content\/uploads\/2016\/10\/footerbackg.jpg&#8221; custom_padding_tablet=&#8221;50px|0|50px|0&#8243; custom_padding_phone=&#8221;&#8221; transparent_background=&#8221;off&#8221; padding_mobile=&#8221;off&#8221; make_fullwidth=&#8221;off&#8221; use_custom_width=&#8221;off&#8221; width_unit=&#8221;on&#8221; custom_width_px=&#8221;1080px&#8221; custom_width_percent=&#8221;80%&#8221; global_colors_info=&#8221;{}&#8221;][et_pb_row column_structure=&#8221;1_3,1_3,1_3&#8243; padding_mobile=&#8221;off&#8221; column_padding_mobile=&#8221;on&#8221; admin_label=&#8221;Fila&#8221; _builder_version=&#8221;4.16&#8243; background_size=&#8221;initial&#8221; background_position=&#8221;top_left&#8221; background_repeat=&#8221;repeat&#8221; make_fullwidth=&#8221;off&#8221; use_custom_width=&#8221;off&#8221; width_unit=&#8221;off&#8221; custom_width_px=&#8221;1080px&#8221; custom_width_percent=&#8221;80%&#8221; global_colors_info=&#8221;{}&#8221;][et_pb_column type=&#8221;1_3&#8243; _builder_version=&#8221;4.16&#8243; custom_padding=&#8221;|||&#8221; global_colors_info=&#8221;{}&#8221; custom_padding__hover=&#8221;|||&#8221;][et_pb_image src=&#8221;https:\/\/copiadorespenedes.com\/wp-content\/uploads\/2016\/11\/logosnlw.png&#8221; title_text=&#8221;logosnlw&#8221; show_bottom_space=&#8221;off&#8221; align_tablet=&#8221;center&#8221; align_phone=&#8221;&#8221; align_last_edited=&#8221;on|desktop&#8221; admin_label=&#8221;Imagen&#8221; _builder_version=&#8221;4.16&#8243; custom_margin=&#8221;0px|0px||&#8221; animation_style=&#8221;slide&#8221; animation_direction=&#8221;left&#8221; animation_duration=&#8221;500ms&#8221; animation_intensity_slide=&#8221;10%&#8221; use_border_color=&#8221;off&#8221; border_color=&#8221;#ffffff&#8221; border_width=&#8221;1px&#8221; border_style=&#8221;solid&#8221; sticky=&#8221;on&#8221; always_center_on_mobile=&#8221;on&#8221; global_colors_info=&#8221;{}&#8221;][\/et_pb_image][et_pb_text admin_label=&#8221;Texto&#8221; _builder_version=&#8221;4.16&#8243; background_size=&#8221;initial&#8221; background_position=&#8221;top_left&#8221; background_repeat=&#8221;repeat&#8221; use_border_color=&#8221;off&#8221; border_style=&#8221;solid&#8221; saved_tabs=&#8221;all&#8221; global_colors_info=&#8221;{}&#8221;]<\/p>\n<ul>\n<li id=\"menu-item-89\" class=\"menu-item menu-item-type-post_type menu-item-object-page menu-item-89\"><a href=\"https:\/\/copiadorespenedes.com\/empresa\/\">Empresa<\/a><\/li>\n<li id=\"menu-item-88\" class=\"menu-item menu-item-type-post_type menu-item-object-page menu-item-88\"><a href=\"https:\/\/copiadorespenedes.com\/konica-minolta\/\">Sistemes d&#8217;impressi\u00f3<\/a><\/li>\n<li id=\"menu-item-87\" class=\"menu-item menu-item-type-post_type menu-item-object-page menu-item-87\"><a href=\"https:\/\/copiadorespenedes.com\/maquinaria-auxiliar\/\">Productes<\/a><\/li>\n<li class=\"menu-item menu-item-type-post_type menu-item-object-page menu-item-87\"><a href=\"https:\/\/copiadorespenedes.com\/ca\/serveis-impressio-optimitzada\/\">Serveis<\/a><\/li>\n<li id=\"menu-item-86\" class=\"menu-item menu-item-type-post_type menu-item-object-page menu-item-86\"><a href=\"https:\/\/copiadorespenedes.com\/copisteria\/\">Copisteria<\/a><\/li>\n<li id=\"menu-item-84\" class=\"menu-item menu-item-type-post_type menu-item-object-page menu-item-84 et-show-dropdown et-hover\"><a href=\"https:\/\/copiadorespenedes.com\/ca\/contacte\/\">Contacte<\/a><\/li>\n<\/ul>\n<p>[\/et_pb_text][\/et_pb_column][et_pb_column type=&#8221;1_3&#8243; _builder_version=&#8221;4.16&#8243; custom_padding=&#8221;|||&#8221; global_colors_info=&#8221;{}&#8221; custom_padding__hover=&#8221;|||&#8221;][et_pb_text admin_label=&#8221;Texto&#8221; _builder_version=&#8221;4.16&#8243; background_size=&#8221;initial&#8221; background_position=&#8221;top_left&#8221; background_repeat=&#8221;repeat&#8221; background_layout=&#8221;dark&#8221; use_border_color=&#8221;off&#8221; border_style=&#8221;solid&#8221; global_colors_info=&#8221;{}&#8221;]<\/p>\n<h2>Venda i Servei T\u00e8cnic<\/h2>\n<p>C\/ Cid n\u00ba 21, local<br \/> Vilafranca del Pened\u00e8s<br \/> C.P. 08720 (Barcelona)<\/p>\n<p>Telf.<a href=\"tel:+34 93 892 3925\"> 93 892 3925<\/a><br \/> Fax. 93 818 2000<\/p>\n<p>&nbsp;<\/p>\n<p><a href=\"mailto:info@copiadorespenedes.com\">info@copiadorespenedes.com<\/a><\/p>\n<p>[\/et_pb_text][\/et_pb_column][et_pb_column type=&#8221;1_3&#8243; _builder_version=&#8221;4.16&#8243; custom_padding=&#8221;|||&#8221; global_colors_info=&#8221;{}&#8221; custom_padding__hover=&#8221;|||&#8221;][et_pb_text admin_label=&#8221;Texto&#8221; _builder_version=&#8221;4.16&#8243; background_size=&#8221;initial&#8221; background_position=&#8221;top_left&#8221; background_repeat=&#8221;repeat&#8221; background_layout=&#8221;dark&#8221; use_border_color=&#8221;off&#8221; border_style=&#8221;solid&#8221; global_colors_info=&#8221;{}&#8221;]<\/p>\n<h2>Copisteria<\/h2>\n<p>Avda. Barcelona n\u00ba 63, local<br \/> Vilafranca del Pened\u00e8s<br \/> C.P. 08720 (Barcelona)<\/p>\n<p>Telf.<a href=\"tel:+34 93 817 2616\"> 93 817 2616<\/a><br \/> Fax. 93 817 2616<\/p>\n<p>&nbsp;<\/p>\n<p><a href=\"mailto:copisteria@copiadorespenedes.com\">copisteria@copiadorespenedes.com<\/a><\/p>\n<p>[\/et_pb_text][\/et_pb_column][\/et_pb_row][\/et_pb_section]<\/p>\n","protected":false},"excerpt":{"rendered":"<p>Subministrament Integral per a la seva oficina. \u00c0mplia gamma de productes de material d&#8217;oficina, papereria i consumibles.Subministrament Integral per a la seva oficina. &nbsp; \u00c0mplia gamma de productes de material d&#8217;oficina, papereria i consumibles. &nbsp; Adhesius Classificaci\u00f3 i Arxiu Belles Arts Serveis Generals Complements d&#8217;Oficina Material Escolar. \u00a0 \u00a0 Lliurament a domicili sense c\u00e0rrec de [&hellip;]<\/p>\n","protected":false},"author":1,"featured_media":0,"parent":0,"menu_order":0,"comment_status":"closed","ping_status":"closed","template":"","meta":{"_et_pb_use_builder":"on","_et_pb_old_content":"","_et_gb_content_width":"","footnotes":""},"class_list":["post-1345","page","type-page","status-publish","hentry"],"yoast_head":"<!-- This site is optimized with the Yoast SEO plugin v27.3 - https:\/\/yoast.com\/product\/yoast-seo-wordpress\/ -->\n<title>Material d\u2019oficina - Copiadores del Pened\u00e8s.<\/title>\n<meta name=\"robots\" content=\"index, follow, max-snippet:-1, max-image-preview:large, max-video-preview:-1\" \/>\n<link rel=\"canonical\" href=\"https:\/\/copiadorespenedes.com\/ca\/materialdoficina\/\" \/>\n<meta property=\"og:locale\" content=\"ca_ES\" \/>\n<meta property=\"og:type\" content=\"article\" \/>\n<meta property=\"og:title\" content=\"Material d\u2019oficina - Copiadores del Pened\u00e8s.\" \/>\n<meta property=\"og:description\" content=\"Subministrament Integral per a la seva oficina. \u00c0mplia gamma de productes de material d&#039;oficina, papereria i consumibles.Subministrament Integral per a la seva oficina. &nbsp; \u00c0mplia gamma de productes de material d&#039;oficina, papereria i consumibles. &nbsp; Adhesius Classificaci\u00f3 i Arxiu Belles Arts Serveis Generals Complements d&#039;Oficina Material Escolar. \u00a0 \u00a0 Lliurament a domicili sense c\u00e0rrec de [&hellip;]\" \/>\n<meta property=\"og:url\" content=\"https:\/\/copiadorespenedes.com\/ca\/materialdoficina\/\" \/>\n<meta property=\"og:site_name\" content=\"Copiadores del Pened\u00e8s.\" \/>\n<meta property=\"article:modified_time\" content=\"2026-04-07T14:24:57+00:00\" \/>\n<meta name=\"twitter:card\" content=\"summary_large_image\" \/>\n<meta name=\"twitter:label1\" content=\"Temps estimat de lectura\" \/>\n\t<meta name=\"twitter:data1\" content=\"2 minuts\" \/>\n<script type=\"application\/ld+json\" class=\"yoast-schema-graph\">{\"@context\":\"https:\\\/\\\/schema.org\",\"@graph\":[{\"@type\":\"WebPage\",\"@id\":\"https:\\\/\\\/copiadorespenedes.com\\\/ca\\\/materialdoficina\\\/\",\"url\":\"https:\\\/\\\/copiadorespenedes.com\\\/ca\\\/materialdoficina\\\/\",\"name\":\"Material d\u2019oficina - Copiadores del Pened\u00e8s.\",\"isPartOf\":{\"@id\":\"https:\\\/\\\/copiadorespenedes.com\\\/#website\"},\"datePublished\":\"2016-10-31T11:43:12+00:00\",\"dateModified\":\"2026-04-07T14:24:57+00:00\",\"breadcrumb\":{\"@id\":\"https:\\\/\\\/copiadorespenedes.com\\\/ca\\\/materialdoficina\\\/#breadcrumb\"},\"inLanguage\":\"ca\",\"potentialAction\":[{\"@type\":\"ReadAction\",\"target\":[\"https:\\\/\\\/copiadorespenedes.com\\\/ca\\\/materialdoficina\\\/\"]}]},{\"@type\":\"BreadcrumbList\",\"@id\":\"https:\\\/\\\/copiadorespenedes.com\\\/ca\\\/materialdoficina\\\/#breadcrumb\",\"itemListElement\":[{\"@type\":\"ListItem\",\"position\":1,\"name\":\"Portada\",\"item\":\"https:\\\/\\\/copiadorespenedes.com\\\/ca\\\/\"},{\"@type\":\"ListItem\",\"position\":2,\"name\":\"Material d\u2019oficina\"}]},{\"@type\":\"WebSite\",\"@id\":\"https:\\\/\\\/copiadorespenedes.com\\\/#website\",\"url\":\"https:\\\/\\\/copiadorespenedes.com\\\/\",\"name\":\"Copiadores del Pened\u00e8s.\",\"description\":\"Empresa especialitzada en la gesti\u00f3 de serveis d'impressi\u00f3\",\"potentialAction\":[{\"@type\":\"SearchAction\",\"target\":{\"@type\":\"EntryPoint\",\"urlTemplate\":\"https:\\\/\\\/copiadorespenedes.com\\\/?s={search_term_string}\"},\"query-input\":{\"@type\":\"PropertyValueSpecification\",\"valueRequired\":true,\"valueName\":\"search_term_string\"}}],\"inLanguage\":\"ca\"}]}<\/script>\n<!-- \/ Yoast SEO plugin. -->","yoast_head_json":{"title":"Material d\u2019oficina - Copiadores del Pened\u00e8s.","robots":{"index":"index","follow":"follow","max-snippet":"max-snippet:-1","max-image-preview":"max-image-preview:large","max-video-preview":"max-video-preview:-1"},"canonical":"https:\/\/copiadorespenedes.com\/ca\/materialdoficina\/","og_locale":"ca_ES","og_type":"article","og_title":"Material d\u2019oficina - Copiadores del Pened\u00e8s.","og_description":"Subministrament Integral per a la seva oficina. \u00c0mplia gamma de productes de material d'oficina, papereria i consumibles.Subministrament Integral per a la seva oficina. &nbsp; \u00c0mplia gamma de productes de material d'oficina, papereria i consumibles. &nbsp; Adhesius Classificaci\u00f3 i Arxiu Belles Arts Serveis Generals Complements d'Oficina Material Escolar. \u00a0 \u00a0 Lliurament a domicili sense c\u00e0rrec de [&hellip;]","og_url":"https:\/\/copiadorespenedes.com\/ca\/materialdoficina\/","og_site_name":"Copiadores del Pened\u00e8s.","article_modified_time":"2026-04-07T14:24:57+00:00","twitter_card":"summary_large_image","twitter_misc":{"Temps estimat de lectura":"2 minuts"},"schema":{"@context":"https:\/\/schema.org","@graph":[{"@type":"WebPage","@id":"https:\/\/copiadorespenedes.com\/ca\/materialdoficina\/","url":"https:\/\/copiadorespenedes.com\/ca\/materialdoficina\/","name":"Material d\u2019oficina - Copiadores del Pened\u00e8s.","isPartOf":{"@id":"https:\/\/copiadorespenedes.com\/#website"},"datePublished":"2016-10-31T11:43:12+00:00","dateModified":"2026-04-07T14:24:57+00:00","breadcrumb":{"@id":"https:\/\/copiadorespenedes.com\/ca\/materialdoficina\/#breadcrumb"},"inLanguage":"ca","potentialAction":[{"@type":"ReadAction","target":["https:\/\/copiadorespenedes.com\/ca\/materialdoficina\/"]}]},{"@type":"BreadcrumbList","@id":"https:\/\/copiadorespenedes.com\/ca\/materialdoficina\/#breadcrumb","itemListElement":[{"@type":"ListItem","position":1,"name":"Portada","item":"https:\/\/copiadorespenedes.com\/ca\/"},{"@type":"ListItem","position":2,"name":"Material d\u2019oficina"}]},{"@type":"WebSite","@id":"https:\/\/copiadorespenedes.com\/#website","url":"https:\/\/copiadorespenedes.com\/","name":"Copiadores del Pened\u00e8s.","description":"Empresa especialitzada en la gesti\u00f3 de serveis d'impressi\u00f3","potentialAction":[{"@type":"SearchAction","target":{"@type":"EntryPoint","urlTemplate":"https:\/\/copiadorespenedes.com\/?s={search_term_string}"},"query-input":{"@type":"PropertyValueSpecification","valueRequired":true,"valueName":"search_term_string"}}],"inLanguage":"ca"}]}},"_links":{"self":[{"href":"https:\/\/copiadorespenedes.com\/wp-json\/wp\/v2\/pages\/1345","targetHints":{"allow":["GET"]}}],"collection":[{"href":"https:\/\/copiadorespenedes.com\/wp-json\/wp\/v2\/pages"}],"about":[{"href":"https:\/\/copiadorespenedes.com\/wp-json\/wp\/v2\/types\/page"}],"author":[{"embeddable":true,"href":"https:\/\/copiadorespenedes.com\/wp-json\/wp\/v2\/users\/1"}],"replies":[{"embeddable":true,"href":"https:\/\/copiadorespenedes.com\/wp-json\/wp\/v2\/comments?post=1345"}],"version-history":[{"count":21,"href":"https:\/\/copiadorespenedes.com\/wp-json\/wp\/v2\/pages\/1345\/revisions"}],"predecessor-version":[{"id":2446,"href":"https:\/\/copiadorespenedes.com\/wp-json\/wp\/v2\/pages\/1345\/revisions\/2446"}],"wp:attachment":[{"href":"https:\/\/copiadorespenedes.com\/wp-json\/wp\/v2\/media?parent=1345"}],"curies":[{"name":"wp","href":"https:\/\/api.w.org\/{rel}","templated":true}]}}